{"id":2,"date":"2016-11-20T20:07:32","date_gmt":"2016-11-20T20:07:32","guid":{"rendered":"http:\/\/www.mmci.ro\/?page_id=2"},"modified":"2020-07-04T20:47:19","modified_gmt":"2020-07-04T20:47:19","slug":"sample-page","status":"publish","type":"page","link":"https:\/\/www.mmci.ro\/","title":{"rendered":"Despre MMCI"},"content":{"rendered":"<div class='ro' style='' lang='ro' dir='ltr'>\n<p>Scopul <a href=\"http:\/\/masonicmotorcycleclub.org\/\" target=\"_blank\" rel=\"noopener noreferrer\">Masonic Motorcycle Club International <\/a>este acela de a aduce \u00eempreun\u0103 <img loading=\"lazy\" class=\"alignnone size-medium wp-image-28 alignright\" src=\"http:\/\/www.mmci.ro\/wp-content\/uploads\/2016\/11\/RoataG-300x199.jpeg\" alt=\"roatag\" width=\"300\" height=\"199\" srcset=\"https:\/\/www.mmci.ro\/wp-content\/uploads\/2016\/11\/RoataG-300x199.jpeg 300w, https:\/\/www.mmci.ro\/wp-content\/uploads\/2016\/11\/RoataG.jpeg 700w\" sizes=\"(max-width: 300px) 100vw, 300px\" \/>Mae\u0219tri Masoni care au ca interes comun motociclismul, promovarea spiritului fratern \u0219i \u00eencurajarea calit\u0103\u021bii de membru din cadrul Fraternit\u0103\u021bii.<br \/>\nMembrii vor fi primi\u021bi din cadrul Mae\u0219trilor Masoni \u00een good standing dintr-o Loj\u0103 Masonic\u0103 Regular\u0103. De\u0219i \u00eencuraj\u0103m participarea activ\u0103 la lucr\u0103rile noastre, nu exist\u0103 nicio cerin\u021b\u0103 specific\u0103 de prezen\u021b\u0103 sau de lucru. Dorim s\u0103 te bucuri de calitatea ta de membru al Masonic Motorcycle Club \u00een felul care tu te sim\u021bi mul\u021bumit.<\/p>\n<p>Nu exist\u0103 alt grup Masonic care s\u0103 fie privit de c\u0103tre public mai mult dec\u00e2t Masonic Motorcycle Club. Aici ai mai multe posibilit\u0103\u021bi de a-\u021bi m\u0103ri cercul de prieteni Masoni, \u00een afara cercului Lojei tale. Vei c\u0103l\u0103tori cu Fra\u021bi care sunt dedica\u021bi preceptelor morale ale Fraternit\u0103\u021bii \u0219i care iubesc s\u0103 simt\u0103 natura din \u0219aua motocicletei.<\/p>\n<p>C\u0103l\u0103tori\u021bi cu discre\u021bie!<\/p>\n<\/div>\n<div class='en' style='display:none;' lang='en' dir='ltr'>\n<p>The purpose of the <a href=\"http:\/\/masonicmotorcycleclub.org\/\" target=\"_blank\" rel=\"noopener noreferrer\">Masonic Motorcycle Club International <\/a>is to bring together Master<img loading=\"lazy\" class=\"alignnone size-medium wp-image-28 alignright\" src=\"http:\/\/www.mmci.ro\/wp-content\/uploads\/2016\/11\/RoataG-300x199.jpeg\" alt=\"roatag\" width=\"300\" height=\"199\" srcset=\"https:\/\/www.mmci.ro\/wp-content\/uploads\/2016\/11\/RoataG-300x199.jpeg 300w, https:\/\/www.mmci.ro\/wp-content\/uploads\/2016\/11\/RoataG.jpeg 700w\" sizes=\"(max-width: 300px) 100vw, 300px\" \/> Masons whose common interest is motorcycle riding, promoting good fellowship and encouraging membership in the Fraternity.<br \/>\nMembership shall be composed of Master Masons in good standing in a Lodge of Free and Accepted Masons. While we welcome and encourage active participation, there is no requirement of attendance or service. We want you to enjoy your Masonic Motorcycle Club membership in the manner that pleases you.<\/p>\n<p>There is no other group of Masons with the eyes of the public on them more than the Masonic Motorcycle Club. You will find a much greater opportunity to enlarge your circle of Masonic friends beyond the scope of your Local Lodge. You will be riding with Brothers who are dedicated to the great moral precepts of the Fraternity and who enjoy the great outdoors on a Motorcycle.<\/p>\n<p>Ride with Discretion!<\/p>\n<\/div>\n<div class='fr' style='display:none;' lang='fr' dir='ltr'>\n<p>Le but du <a href=\"http:\/\/masonicmotorcycleclub.org\/\" target=\"_blank\" rel=\"noopener noreferrer\">Masonic Motorcycle Club International <\/a>est celui de rassembler les <img loading=\"lazy\" class=\"alignnone size-medium wp-image-28 alignright\" src=\"http:\/\/www.mmci.ro\/wp-content\/uploads\/2016\/11\/RoataG-300x199.jpeg\" alt=\"roatag\" width=\"300\" height=\"199\" srcset=\"https:\/\/www.mmci.ro\/wp-content\/uploads\/2016\/11\/RoataG-300x199.jpeg 300w, https:\/\/www.mmci.ro\/wp-content\/uploads\/2016\/11\/RoataG.jpeg 700w\" sizes=\"(max-width: 300px) 100vw, 300px\" \/>Ma\u00eetres Ma\u00e7ons qui ont comme int\u00e9r\u00eats communs les motos, promouvoir l&#8217;esprit fraternel et l&#8217;encouragement de la qualit\u00e9 de membre de la Fraternit\u00e9.<br \/>\nLes membres seront re\u00e7us \u00e0 partir des Ma\u00eetres Ma\u00e7ons en titre d&#8217;une loge de francma\u00e7ons r\u00e9guli\u00e8re. Quoique nous encourageons la participation active \u00e0 nos travaux, il n&#8217;y a pas de demande sp\u00e9cifique de pr\u00e9sence ou de travail. Nous d\u00e9sirons que tu puisses te r\u00e9jouir de ta qualit\u00e9 de membre du Masonic Motorcycle Club \u00e0 ton aise.<\/p>\n<p>Il n&#8217;y a pas d&#8217;autre groupe de Francma\u00e7ons qui soit mieux regard\u00e9 que le Masonic Motorcycle Club. Ici, tu trouveras plusieurs possibilit\u00e9s d&#8217;enlargir ton cercle d&#8217;amis Ma\u00e7ons en dehors de ta Loge. Tu vas voyager avec des Fr\u00e8res qui sont d\u00e9di\u00e9s aux pr\u00e9ceptes moraux de la Fraternit\u00e9 et qui aiment sentir la nature depuis la selle de leur moto.<\/p>\n<p>Roulez avec discr\u00e9tion!<\/p>\n<\/div>\n","protected":false},"excerpt":{"rendered":"<p>Scopul Masonic Motorcycle Club International este acela de a aduce \u00eempreun\u0103 Mae\u0219tri Masoni care au ca interes comun motociclismul, promovarea spiritului fratern \u0219i \u00eencurajarea calit\u0103\u021bii de membru din cadrul Fraternit\u0103\u021bii. Membrii vor fi primi\u021bi din cadrul Mae\u0219trilor Masoni \u00een good standing dintr-o Loj\u0103 Masonic\u0103 Regular\u0103. De\u0219i \u00eencuraj\u0103m participarea activ\u0103 la lucr\u0103rile noastre, nu exist\u0103 nicio &hellip; <\/p>\n<p class=\"link-more\"><a href=\"https:\/\/www.mmci.ro\/\" class=\"more-link\">Continue reading<span class=\"screen-reader-text\"> &#8220;Despre MMCI&#8221;<\/span><\/a><\/p>\n","protected":false},"author":1,"featured_media":28,"parent":0,"menu_order":0,"comment_status":"closed","ping_status":"closed","template":"","meta":[],"_links":{"self":[{"href":"https:\/\/www.mmci.ro\/index.php?rest_route=\/wp\/v2\/pages\/2"}],"collection":[{"href":"https:\/\/www.mmci.ro\/index.php?rest_route=\/wp\/v2\/pages"}],"about":[{"href":"https:\/\/www.mmci.ro\/index.php?rest_route=\/wp\/v2\/types\/page"}],"author":[{"embeddable":true,"href":"https:\/\/www.mmci.ro\/index.php?rest_route=\/wp\/v2\/users\/1"}],"replies":[{"embeddable":true,"href":"https:\/\/www.mmci.ro\/index.php?rest_route=%2Fwp%2Fv2%2Fcomments&post=2"}],"version-history":[{"count":19,"href":"https:\/\/www.mmci.ro\/index.php?rest_route=\/wp\/v2\/pages\/2\/revisions"}],"predecessor-version":[{"id":293,"href":"https:\/\/www.mmci.ro\/index.php?rest_route=\/wp\/v2\/pages\/2\/revisions\/293"}],"wp:featuredmedia":[{"embeddable":true,"href":"https:\/\/www.mmci.ro\/index.php?rest_route=\/wp\/v2\/media\/28"}],"wp:attachment":[{"href":"https:\/\/www.mmci.ro\/index.php?rest_route=%2Fwp%2Fv2%2Fmedia&parent=2"}],"curies":[{"name":"wp","href":"https:\/\/api.w.org\/{rel}","templated":true}]}}